{"id":419,"date":"2017-04-18T10:45:59","date_gmt":"2017-04-18T10:45:59","guid":{"rendered":"http:\/\/ipe.hr\/en\/?page_id=419"},"modified":"2021-01-19T10:42:14","modified_gmt":"2021-01-19T09:42:14","slug":"mladen-domazet","status":"publish","type":"page","link":"http:\/\/ipe.hr\/en\/mladen-domazet\/","title":{"rendered":"Mladen Domazet"},"content":{"rendered":"\n<div class=\"wp-block-media-text alignwide is-stacked-on-mobile is-vertically-aligned-top\" style=\"grid-template-columns:32% auto\"><figure class=\"wp-block-media-text__media\"><img loading=\"lazy\" width=\"400\" height=\"400\" src=\"http:\/\/ipe.hr\/wp-content\/uploads\/2020\/07\/mladenmala.png\" alt=\"\" class=\"wp-image-4420\"\/><\/figure><div class=\"wp-block-media-text__content\">\n<p>Dr Mladen Domazet graduated in Physics and Philosophy from the University of Oxford and completed a doctorate in Philosophy of Science at the University of Zagreb. His research interest currently focuses on theories of scientific explanation, degrowth-compatible explanatory frameworks of social metabolism, and social attitudes relevant to sustainability.<\/p>\n\n\n\n<p>His publications reflect a career of diverse interdisciplinary interests and collaborations, from analysis of Wikipedias as complex networks, through analyses of sustainability education curricula in Europe to structural aspects of depth of explanation in contemporary physics.<\/p>\n\n\n\n<p>He\u2019s currently engaged in research on sustainability and degrowth dispositions of small semiperipheral societies, and ecological aspects of social stratification in Croatia.<\/p>\n<\/div><\/div>\n\n\n\n<hr class=\"wp-block-separator\"\/>\n\n\n\n<h3>MLADEN&#8217;S ACTIVITIES<\/h3>\n\n\n<div class=\"pt-cv-wrapper\"><div class=\"pt-cv-view pt-cv-grid pt-cv-colsys pt-cv-pginfinite\" id=\"pt-cv-view-0e34aceu2o\"><div data-id=\"pt-cv-page-1\" class=\"pt-cv-page\" data-cvc=\"3\"><div class=\"col-md-4 col-sm-6 col-xs-12 pt-cv-content-item pt-cv-1-col\"  data-pid=\"3033\"><div class='pt-cv-ifield'><a href=\"http:\/\/ipe.hr\/en\/events\/lets-go-green-1st-international-conference-on-green-libraries\/\" class=\"_self pt-cv-href-thumbnail pt-cv-thumb-default cvplbd\" target=\"_self\" ><img width=\"706\" height=\"380\" src=\"http:\/\/ipe.hr\/wp-content\/uploads\/2018\/11\/lgg-756x407.png\" class=\"pt-cv-thumbnail img-none no-lazyload \" alt=\"Lets Go Green! - 1st International Conference on Green Libraries\" loading=\"lazy\" \/><\/a>\n<h4 class=\"pt-cv-title\"><a href=\"http:\/\/ipe.hr\/en\/events\/lets-go-green-1st-international-conference-on-green-libraries\/\" class=\"_self cvplbd\" target=\"_self\" >Lets Go Green! &#8211; 1st International Conference on Green Libraries<\/a><\/h4><\/div><\/div>\n<div class=\"col-md-4 col-sm-6 col-xs-12 pt-cv-content-item pt-cv-1-col\"  data-pid=\"2744\"><div class='pt-cv-ifield'><a href=\"http:\/\/ipe.hr\/en\/activities\/introducing-oxana-lopatina-ipes-2018-junior-research-fellow\/\" class=\"_self pt-cv-href-thumbnail pt-cv-thumb-default cvplbd\" target=\"_self\" ><img width=\"710\" height=\"380\" src=\"http:\/\/ipe.hr\/wp-content\/uploads\/2018\/04\/oxanacover-760x407.png\" class=\"pt-cv-thumbnail img-none no-lazyload \" alt=\"Introducing Oxana Lopatina, IPE&#039;s 2018 Junior Research Fellow!\" loading=\"lazy\" \/><\/a>\n<h4 class=\"pt-cv-title\"><a href=\"http:\/\/ipe.hr\/en\/activities\/introducing-oxana-lopatina-ipes-2018-junior-research-fellow\/\" class=\"_self cvplbd\" target=\"_self\" >Introducing Oxana Lopatina, IPE&#8217;s 2018 Junior Research Fellow!<\/a><\/h4><\/div><\/div>\n<div class=\"col-md-4 col-sm-6 col-xs-12 pt-cv-content-item pt-cv-1-col\"  data-pid=\"2101\"><div class='pt-cv-ifield'><a href=\"http:\/\/ipe.hr\/en\/events\/quiet-degrowth-and-loud-rumblings-perspectives-from-the-european-semiperiphery-research-seminar-ljubljana\/\" class=\"_self pt-cv-href-thumbnail pt-cv-thumb-default cvplbd\" target=\"_self\" ><img width=\"604\" height=\"323\" src=\"http:\/\/ipe.hr\/wp-content\/uploads\/2017\/09\/coverljubljana2.png\" class=\"pt-cv-thumbnail img-none no-lazyload \" alt=\"&quot;Quiet Degrowth and Loud Rumblings \u2013 perspectives from the European Semiperiphery&quot;: research seminar, Ljubljana\" loading=\"lazy\" \/><\/a>\n<h4 class=\"pt-cv-title\"><a href=\"http:\/\/ipe.hr\/en\/events\/quiet-degrowth-and-loud-rumblings-perspectives-from-the-european-semiperiphery-research-seminar-ljubljana\/\" class=\"_self cvplbd\" target=\"_self\" >&#8220;Quiet Degrowth and Loud Rumblings \u2013 perspectives from the European Semiperiphery&#8221;: research seminar, Ljubljana<\/a><\/h4><\/div><\/div>\n<div class=\"col-md-4 col-sm-6 col-xs-12 pt-cv-content-item pt-cv-1-col\"  data-pid=\"2103\"><div class='pt-cv-ifield'><a href=\"http:\/\/ipe.hr\/en\/events\/degrowth-beyond-a-growth-society-lectures-and-discussion-ljubljana\/\" class=\"_self pt-cv-href-thumbnail pt-cv-thumb-default cvplbd\" target=\"_self\" ><img width=\"710\" height=\"380\" src=\"http:\/\/ipe.hr\/wp-content\/uploads\/2017\/09\/odrasteventcover-760x407.png\" class=\"pt-cv-thumbnail img-none no-lazyload \" alt=\"&quot;Degrowth: Beyond a Growth Society&quot;: lectures and discussion, Ljubljana\" loading=\"lazy\" \/><\/a>\n<h4 class=\"pt-cv-title\"><a href=\"http:\/\/ipe.hr\/en\/events\/degrowth-beyond-a-growth-society-lectures-and-discussion-ljubljana\/\" class=\"_self cvplbd\" target=\"_self\" >&#8220;Degrowth: Beyond a Growth Society&#8221;: lectures and discussion, Ljubljana<\/a><\/h4><\/div><\/div>\n<div class=\"col-md-4 col-sm-6 col-xs-12 pt-cv-content-item pt-cv-1-col\"  data-pid=\"1899\"><div class='pt-cv-ifield'><a href=\"http:\/\/ipe.hr\/en\/activities\/logans-log-a-research-internship-at-ipe-in-10-weeks\/\" class=\"_self pt-cv-href-thumbnail pt-cv-thumb-default cvplbd\" target=\"_self\" ><img width=\"697\" height=\"380\" src=\"http:\/\/ipe.hr\/wp-content\/uploads\/2017\/09\/loganblog-747x407.png\" class=\"pt-cv-thumbnail img-none no-lazyload \" alt=\"Logan&#039;s log: A research internship in 10 weeks\" loading=\"lazy\" \/><\/a>\n<h4 class=\"pt-cv-title\"><a href=\"http:\/\/ipe.hr\/en\/activities\/logans-log-a-research-internship-at-ipe-in-10-weeks\/\" class=\"_self cvplbd\" target=\"_self\" >Logan&#8217;s log: A research internship in 10 weeks<\/a><\/h4><\/div><\/div>\n<div class=\"col-md-4 col-sm-6 col-xs-12 pt-cv-content-item pt-cv-1-col\"  data-pid=\"1116\"><div class='pt-cv-ifield'><a href=\"http:\/\/ipe.hr\/en\/activities\/introducing-logan-richardson-ipes-furman-university-research-intern\/\" class=\"_self pt-cv-href-thumbnail pt-cv-thumb-default cvplbd\" target=\"_self\" ><img width=\"697\" height=\"380\" src=\"http:\/\/ipe.hr\/wp-content\/uploads\/2017\/07\/loganzg2-1-747x407.png\" class=\"pt-cv-thumbnail img-none no-lazyload \" alt=\"Introducing Logan Richardson, IPE&#039;s Furman University Research Intern\" loading=\"lazy\" \/><\/a>\n<h4 class=\"pt-cv-title\"><a href=\"http:\/\/ipe.hr\/en\/activities\/introducing-logan-richardson-ipes-furman-university-research-intern\/\" class=\"_self cvplbd\" target=\"_self\" >Introducing Logan Richardson, IPE&#8217;s Furman University Research Intern<\/a><\/h4><\/div><\/div><\/div><\/div>\n<div class=\"text-left pt-cv-pagination-wrapper\"><a href='http:\/\/ipe.hr\/en\/wp-json\/wp\/v2\/pages\/419\/?_page=2' onclick='event.preventDefault()' class=\"pt-cv-more btn btn-primary btn-sm\" data-totalpages=\"2\" data-nextpages=\"2\" data-sid=\"0e34aceu2o\" data-unid=\"\">More <span class=\"caret\"><\/span><\/a><img width=\"15\" height=\"15\" class=\"pt-cv-spinner\" alt=\"Loading...\" src=\"data:image\/gif;base64,R0lGODlhDwAPALMPAMrKygwMDJOTkz09PZWVla+vr3p6euTk5M7OzuXl5TMzMwAAAJmZmWZmZszMzP\/\/\/yH\/C05FVFNDQVBFMi4wAwEAAAAh+QQFCgAPACwAAAAADwAPAAAEQvDJaZaZOIcV8iQK8VRX4iTYoAwZ4iCYoAjZ4RxejhVNoT+mRGP4cyF4Pp0N98sBGIBMEMOotl6YZ3S61Bmbkm4mAgAh+QQFCgAPACwAAAAADQANAAAENPDJSRSZeA418itN8QiK8BiLITVsFiyBBIoYqnoewAD4xPw9iY4XLGYSjkQR4UAUD45DLwIAIfkEBQoADwAsAAAAAA8ACQAABC\/wyVlamTi3nSdgwFNdhEJgTJoNyoB9ISYoQmdjiZPcj7EYCAeCF1gEDo4Dz2eIAAAh+QQFCgAPACwCAAAADQANAAAEM\/DJBxiYeLKdX3IJZT1FU0iIg2RNKx3OkZVnZ98ToRD4MyiDnkAh6BkNC0MvsAj0kMpHBAAh+QQFCgAPACwGAAAACQAPAAAEMDC59KpFDll73HkAA2wVY5KgiK5b0RRoI6MuzG6EQqCDMlSGheEhUAgqgUUAFRySIgAh+QQFCgAPACwCAAIADQANAAAEM\/DJKZNLND\/kkKaHc3xk+QAMYDKsiaqmZCxGVjSFFCxB1vwy2oOgIDxuucxAMTAJFAJNBAAh+QQFCgAPACwAAAYADwAJAAAEMNAs86q1yaWwwv2Ig0jUZx3OYa4XoRAfwADXoAwfo1+CIjyFRuEho60aSNYlOPxEAAAh+QQFCgAPACwAAAIADQANAAAENPA9s4y8+IUVcqaWJ4qEQozSoAzoIyhCK2NFU2SJk0hNnyEOhKR2AzAAj4Pj4GE4W0bkJQIAOw==\" \/><div class=\"clear pt-cv-clear-pagination\"><\/div><\/div><\/div>\t\t\t<style type=\"text\/css\" id=\"pt-cv-inline-style-cf54b2b0mt\">#pt-cv-view-0e34aceu2o.pt-cv-post-border { margin: 0; border-top-width: 1px; border-left-width: 1px }\n#pt-cv-view-0e34aceu2o.pt-cv-post-border { margin: 0; border-top-style: solid; border-left-style: solid }\n#pt-cv-view-0e34aceu2o.pt-cv-post-border .pt-cv-content-item   { border-right-width: 1px; border-bottom-width: 1px; border-right-style: solid; border-bottom-style: solid; }\n#pt-cv-view-0e34aceu2o .pt-cv-title a, #pt-cv-view-0e34aceu2o  .panel-title { font-size: 16px !important; line-height: 1.3 !important; color: #203131 !important; }\n#pt-cv-view-0e34aceu2o  .pt-cv-title a:hover, #pt-cv-view-0e34aceu2o  .panel-title:hover   { color: #539436 !important; }\n#pt-cv-view-0e34aceu2o  .pt-cv-hover-wrapper::before   { background-color: rgba(51,51,51,.6) !important; }\n#pt-cv-view-0e34aceu2o:not(.pt-cv-nohover) .pt-cv-mask *   { color: #fff; }\n#pt-cv-view-0e34aceu2o .pt-cv-carousel-caption  { background-color: rgba(51,51,51,.6) !important; }\n#pt-cv-view-0e34aceu2o .pt-cv-specialp { background-color: #CC3333 !important }\n#pt-cv-view-0e34aceu2o .pt-cv-specialp * { color: #fff !important; }\n#pt-cv-view-0e34aceu2o .pt-cv-pficon  { color: #bbb !important; }\n#pt-cv-view-0e34aceu2o  .add_to_cart_button, #pt-cv-view-0e34aceu2o  .add_to_cart_button *   { color: #ffffff !important; background-color: #00aeef !important; }\n#pt-cv-view-0e34aceu2o  .woocommerce-onsale   { color: #ffffff !important; background-color: #ff5a5f !important; }\n#pt-cv-view-0e34aceu2o .pt-cv-readmore  { color: #ffffff !important; background-color: #00aeef !important; }\n#pt-cv-view-0e34aceu2o .pt-cv-readmore:hover  { color: #ffffff !important; background-color: #00aeef !important; }\n#pt-cv-view-0e34aceu2o  + .pt-cv-pagination-wrapper .pt-cv-more , #pt-cv-view-0e34aceu2o  + .pt-cv-pagination-wrapper .pagination .active a { color: #ffffff !important; background-color: #00aeef !important; }\n[id^='pt-cv-filter-bar-0e34aceu2o'] .active.pt-cv-filter-option, [id^='pt-cv-filter-bar-0e34aceu2o'] .active .pt-cv-filter-option, [id^='pt-cv-filter-bar-0e34aceu2o'] .selected.pt-cv-filter-option, [id^='pt-cv-filter-bar-0e34aceu2o'] .dropdown-toggle   { color: #fff !important; background-color: #00aeef !important; }\n[id^='pt-cv-filter-bar-0e34aceu2o'] .pt-cv-filter-title   { color: #fff !important; background-color: #00aeef !important; }\n#pt-cv-gls-0e34aceu2o li a   { font-weight: 600 !important; }\n#pt-cv-gls-0e34aceu2o li a.pt-active   { color: #fff !important; background-color: #ff5a5f !important; }\n#pt-cv-view-0e34aceu2o .pt-cv-gls-header  { background-color: #00aeef !important; }<\/style>\r\n\t\t\t\n\n\n\n<hr class=\"wp-block-separator\"\/>\n\n\n\n<h3>SELECTED RECENT PUBLICATIONS<\/h3>\n\n\n\n<p>Brajdi\u0107 Vukovi\u0107, M., An\u010di\u0107, B., Domazet, M. (2020) <a href=\"https:\/\/www.bib.irb.hr\/1083162\"><a href=\"https:\/\/www.bib.irb.hr\/1083162\">Values Underpinning a Degrowth Transformation of The Socio-Political System<\/a><\/a><em> Traditiones &#8211; In\u0161titut za slovensko narodopisje, <\/em>Ljubljana<em>, <\/em><strong>49<\/strong>\u00a0(2020), 1; str. 141-158<\/p>\n\n\n\n<p>Domazet, M., Rilovi\u0107, A., An\u010di\u0107, B., Andersen, Brannon, Richardson, Logan, Brajdi\u0107 Vukovi\u0107, M., Pungas, L. &amp; Medak, T. (2020) Mental Models of Sustainability: The Degrowth Doughnut Model. U: Goldstein, M. &amp; DellaSala, D. (ur.)\u00a0<em>Encyclopedia of the World&#8217;s Biomes<\/em>. New York, Elsevier, str. 276-286.<\/p>\n\n\n\n<p>Domazet, M. 2019. <a class=\"citation-title\" href=\"https:\/\/www.bib.irb.hr\/1050122\">&#8220;Degrowth-compatible Common Senses in Croatia&#8221;<\/a><span class=\"citation\">. Sudosteuropa Mitteilungen.&nbsp;59:&nbsp;5-6; 158-168<\/span><\/p>\n\n\n\n<p>An\u010di\u0107, B.; Domazet, M.; \u017dupari\u0107-Ilji\u0107, D. 2019. <a href=\"https:\/\/www.sciencedirect.com\/science\/article\/pii\/S0016718519302295?dgcid=coauthor&amp;fbclid=IwAR0PrfyrrkSJpb2tv_wkP3Ueg_PFvL0UnS7pmF5CkSf999DPljTn0-68Tiw\">&#8220;&#8216;For my health and for my friends&#8217;: Exploring motivation, sharing, environmentalism, resilience and class structure of food self-provisioning&#8221;<\/a>. Geoforum. 106: 68-77. doi:10.1016\/j.geoforum.2019.07.018<\/p>\n\n\n\n<p>Domazet, M.; An\u010di\u0107, B.2019. <a href=\"https:\/\/www.sciencedirect.com\/science\/article\/pii\/S0921800918303069\">&#8220;Complementarity between the EJ movement and degrowth on the European semiperiphery: An empirical study&#8221;<\/a>. Ecological economics. 157: 120-128 doi:10.1016\/j.ecolecon.2018.11.006<\/p>\n\n\n\n<p>Domazet, M. (ur.). 2017. <em><a href=\"http:\/\/ipe.hr\/wp-content\/uploads\/2017\/04\/Ecology-and-Justice-WEB.pdf\" target=\"_blank\" rel=\"noopener noreferrer\">Ecology and Justice: Contributions from the margins<\/a><\/em>. Zagreb: <a href=\"http:\/\/www.ipe.hr\" target=\"_blank\" rel=\"noopener noreferrer\">Institute for Political Ecology<\/a><\/p>\n\n\n\n<p>Domazet, M. and An\u010di\u0107, B. 2017. &#8220;How Far for the Money? Affluence and Democratic Degrowth Potential in Europe&#8221;. In A. Telesiene and M. Gross (eds.) <em><a href=\"https:\/\/www.routledge.com\/products\/9781138123953\" target=\"_blank\" rel=\"noopener noreferrer\">Green European: Environmental Behaviour and Attitudes in Europe in a Historical and Cross-Cultural Comparative Perspective<\/a><\/em>. London: Routledge, pp. 157-181<\/p>\n\n\n\n<p>Kr\u00fcger, O., Domazet, M., Dolenec, D. 2016. <a href=\"http:\/\/hrcak.srce.hr\/index.php?show=clanak&amp;id_clanak_jezik=262896\" target=\"_blank\" rel=\"noopener noreferrer\">&#8220;Rejecting the Post-Political Response to Climate Change: Introducing the European Egalitarian Environmentalist&#8221;<\/a>. Socijalna ekologija 25\/1-2: 167-189<\/p>\n\n\n\n<p>An\u010di\u0107, B., Pu\u0111ak, J., Domazet, M. 2016. <a href=\"http:\/\/hrcak.srce.hr\/168219\" target=\"_blank\" rel=\"noopener noreferrer\">&#8220;Vidimo li klimatske promjene u Hrvatskoj?: istra\u017eivanje stavova o nekim od aspekata klimatskih promjena u hrvatskom dru\u0161tvu&#8221;<\/a> [&#8220;Do we see climate change in Croatia?: research of attitudes on some of the aspects of climate change in Croatian society&#8221;]. Hrvatski meteorolo\u0161ki \u010dasopis. 51: 27-45<\/p>\n\n\n\n<p>An\u010di\u0107, B.; Domazet, M. 2015. <a href=\"http:\/\/www.fdv.uni-lj.si\/docs\/default-source\/tip\/3-15_ancic-domazet.pdf?sfvrsn=2\" target=\"_blank\" rel=\"noopener noreferrer\">&#8220;Potential For Degrowth: Attitudes And Behaviours Across 18 European Countries&#8221;<\/a>. Teorija in praksa. 52\/3: 456-475<\/p>\n\n\n\n<p>Domazet, M.; Dolenec, D.; Cvijanovi\u0107, V.; Toma\u0161evi\u0107, T.; Walton, J. F.; Doolan, K.; \u017ditko, M. 2014. <a href=\"http:\/\/hrcak.srce.hr\/index.php?show=clanak&amp;id_clanak_jezik=193024&amp;lang=en\" target=\"_blank\" rel=\"noopener noreferrer\"><em>We Need to Change. Ideas of Growth and Development in a Time of Crisis of Fossil Energy and Capitalism<\/em><\/a>. Etnolo\u0161ka tribina: godi\u0161njak Hrvatskog etnolo\u0161kog dru\u0161tva. 44: 37-71<\/p>\n\n\n\n<p>Domazet, Mladen; Marinovi\u0107 Jerolimov, Dinka (eds.) 2014. <em><a href=\"http:\/\/ipe.hr\/wp-content\/uploads\/2017\/05\/Sustainability-Perspectives-from-the-European-Semi-periphery.pdf\">Sustainability Perspectives from the European Semi-periphery<\/a><\/em>. Zagreb: Institut za dru\u0161tvena istra\u017eivanja u Zagrebu, Heinrich B\u00f6ll Stiftung Hrvatska<\/p>\n\n\n\n<p>Domazet, M. 2012. <a href=\"http:\/\/ipe.hr\/wp-content\/uploads\/2017\/04\/Mladen-Domazet-Alice-Returns-From-Wonderland_-Ontological-Frameworks-for-Explanation-from-Contemporary-Quantum-Theories-Kruzak-2012.pdf\" target=\"_blank\" rel=\"noopener noreferrer\"><em>Alice Returns from Wonderland: Ontological Frameworks for Explanation from Contemporary Quantum Theories<\/em><\/a>. Zagreb: Kruzak<\/p>\n\n\n\n<p>Domazet, M.; Dolenec, D.; An\u010di\u0107, B. 2012. <em><a href=\"http:\/\/ipe.hr\/wp-content\/uploads\/2017\/04\/HBS_We_Need_to_Change-Web.pdf\">We Need to Change: Mapping Croatia&#8217;s potential for sustainable development<\/a><\/em>. Zagreb: Heinrich B\u00f6ll Stiftung<\/p>\n\n\n\n<p>Domazet, M. 2011. <a href=\"http:\/\/hrcak.srce.hr\/index.php?show=clanak&amp;id_clanak_jezik=101977&amp;lang=en\" target=\"_blank\" rel=\"noopener noreferrer\">&#8220;A Law-Constitutive Explanation of Fundamental Material Objects and &#8216;Bodies that Surround Us'&#8221;<\/a>, Prolegomena 10\/1, 67-85<\/p>\n\n\n\n<p>Full publications list available <a href=\"https:\/\/bib.irb.hr\/lista-radova?autor=263991&amp;amp;lang=EN\" target=\"_blank\" rel=\"noopener noreferrer\">here<\/a>.<\/p>\n","protected":false},"excerpt":{"rendered":"<p>Dr Mladen Domazet graduated in Physics and Philosophy from the University of Oxford and completed a doctorate in Philosophy of Science at the University of Zagreb. His research interest currently focuses on theories of scientific explanation, degrowth-compatible explanatory frameworks of social metabolism, and social attitudes relevant to sustainability. His publications reflect a career of diverse interdisciplinary interests and collaborations, from analysis of Wikipedias as complex networks, through analyses of sustainability education curricula in Europe to structural aspects of depth of explanation in contemporary physics. He\u2019s currently engaged in research on sustainability and degrowth dispositions of small semiperipheral societies, and ecological <\/p>\n","protected":false},"author":2,"featured_media":0,"parent":0,"menu_order":0,"comment_status":"closed","ping_status":"closed","template":"","meta":{"inline_featured_image":false},"categories":[],"tags":[],"_links":{"self":[{"href":"http:\/\/ipe.hr\/en\/wp-json\/wp\/v2\/pages\/419"}],"collection":[{"href":"http:\/\/ipe.hr\/en\/wp-json\/wp\/v2\/pages"}],"about":[{"href":"http:\/\/ipe.hr\/en\/wp-json\/wp\/v2\/types\/page"}],"author":[{"embeddable":true,"href":"http:\/\/ipe.hr\/en\/wp-json\/wp\/v2\/users\/2"}],"replies":[{"embeddable":true,"href":"http:\/\/ipe.hr\/en\/wp-json\/wp\/v2\/comments?post=419"}],"version-history":[{"count":30,"href":"http:\/\/ipe.hr\/en\/wp-json\/wp\/v2\/pages\/419\/revisions"}],"predecessor-version":[{"id":5570,"href":"http:\/\/ipe.hr\/en\/wp-json\/wp\/v2\/pages\/419\/revisions\/5570"}],"wp:attachment":[{"href":"http:\/\/ipe.hr\/en\/wp-json\/wp\/v2\/media?parent=419"}],"wp:term":[{"taxonomy":"category","embeddable":true,"href":"http:\/\/ipe.hr\/en\/wp-json\/wp\/v2\/categories?post=419"},{"taxonomy":"post_tag","embeddable":true,"href":"http:\/\/ipe.hr\/en\/wp-json\/wp\/v2\/tags?post=419"}],"curies":[{"name":"wp","href":"https:\/\/api.w.org\/{rel}","templated":true}]}}