{"id":4879,"date":"2020-07-24T18:05:33","date_gmt":"2020-07-24T16:05:33","guid":{"rendered":"http:\/\/ipe.hr\/ecology-and-justice\/"},"modified":"2020-07-24T18:22:57","modified_gmt":"2020-07-24T16:22:57","slug":"ecology-and-justice","status":"publish","type":"page","link":"http:\/\/ipe.hr\/en\/publications\/ecology-and-justice\/","title":{"rendered":"Ecology and Justice"},"content":{"rendered":"\n<p>Edited by Mladen Domazet, <em>Ecology and Justice<\/em>&nbsp;follows from the presentations delivered at IPE\u2019s conference &#8220;Climate Justice \u2013 Perspectives from Natural and Social Sciences&#8221;&nbsp;(November 2015). <\/p>\n\n\n\n<p>The interrelationship of ecology and justice lies at the heart of political ecology, a research approach that combines the disciplinary tools of ecology as well as political economy to address the relations between humans and nature, and various outcomes of social and cultural norms that determine different human communities\u2019 access to nature. Political ecology seeks explanations and interpretations of the phenomena resulting from the human-nature interaction, such as conflicts over resources, which appreciate both the ecological processes and the political power struggles. <\/p>\n\n\n\n<p>Aspects of political ecology rooted in commons research, materialism, feminist development critiques, environmental history, post-colonial studies and science and technology studies are reflected in different chapters of this volume, authored by Daniel Hausknost, Melita Carevi\u0107, Marija Brajdi\u0107 Vukovi\u0107, Plinija Poljakovi\u0107 &amp; Karin Doolan, and Drago \u017dupari\u0107-Ilji\u0107.<\/p>\n","protected":false},"excerpt":{"rendered":"<p>A selection of papers from IPE\u2019s conference &#8220;Climate Justice \u2013 Perspectives from Natural and Social Sciences&#8221;.<\/p>\n","protected":false},"author":2,"featured_media":4339,"parent":4883,"menu_order":0,"comment_status":"closed","ping_status":"closed","template":"","meta":{"inline_featured_image":false},"categories":[],"tags":[82],"_links":{"self":[{"href":"http:\/\/ipe.hr\/en\/wp-json\/wp\/v2\/pages\/4879"}],"collection":[{"href":"http:\/\/ipe.hr\/en\/wp-json\/wp\/v2\/pages"}],"about":[{"href":"http:\/\/ipe.hr\/en\/wp-json\/wp\/v2\/types\/page"}],"author":[{"embeddable":true,"href":"http:\/\/ipe.hr\/en\/wp-json\/wp\/v2\/users\/2"}],"replies":[{"embeddable":true,"href":"http:\/\/ipe.hr\/en\/wp-json\/wp\/v2\/comments?post=4879"}],"version-history":[{"count":3,"href":"http:\/\/ipe.hr\/en\/wp-json\/wp\/v2\/pages\/4879\/revisions"}],"predecessor-version":[{"id":4890,"href":"http:\/\/ipe.hr\/en\/wp-json\/wp\/v2\/pages\/4879\/revisions\/4890"}],"up":[{"embeddable":true,"href":"http:\/\/ipe.hr\/en\/wp-json\/wp\/v2\/pages\/4883"}],"wp:featuredmedia":[{"embeddable":true,"href":"http:\/\/ipe.hr\/en\/wp-json\/wp\/v2\/media\/4339"}],"wp:attachment":[{"href":"http:\/\/ipe.hr\/en\/wp-json\/wp\/v2\/media?parent=4879"}],"wp:term":[{"taxonomy":"category","embeddable":true,"href":"http:\/\/ipe.hr\/en\/wp-json\/wp\/v2\/categories?post=4879"},{"taxonomy":"post_tag","embeddable":true,"href":"http:\/\/ipe.hr\/en\/wp-json\/wp\/v2\/tags?post=4879"}],"curies":[{"name":"wp","href":"https:\/\/api.w.org\/{rel}","templated":true}]}}