{"id":6310,"date":"2022-03-02T17:02:20","date_gmt":"2022-03-02T16:02:20","guid":{"rendered":"http:\/\/ipe.hr\/?page_id=6310"},"modified":"2022-03-02T17:09:41","modified_gmt":"2022-03-02T16:09:41","slug":"videos","status":"publish","type":"page","link":"http:\/\/ipe.hr\/en\/videos\/","title":{"rendered":"Videos"},"content":{"rendered":"\n<p>Our highlighted videos.<\/p>\n\n\n\n<hr class=\"wp-block-separator\"\/>\n\n\n\n<h2>New School for New City<\/h2>\n\n\n\n<p>&#8220;New School for New City&#8221; is a mini-series of lectures and conversations with (mostly) European cities that wants to dive deep into opportunities for socio-ecological transformation of city life.<\/p>\n\n\n\n<p>From 14-16 December 2021, it offered an opportunity to learn, share and discuss experiences and views of green- and left-governed cities in relation to mobility, energy, waste, housing etc, on both city and district level, in conversation with green politicians, councilors, experts and activists.<\/p>\n\n\n\n<div class=\"wp-block-columns\">\n<div class=\"wp-block-column\">\n<figure class=\"wp-block-embed-youtube wp-block-embed is-type-video is-provider-youtube wp-embed-aspect-16-9 wp-has-aspect-ratio\"><div class=\"wp-block-embed__wrapper\">\n<div class=\"flex-video flex-video-youtube\"><iframe title=\"New School for New City \/\/ BRUSSELS, BUDAPEST, BOLOGNA\" width=\"680\" height=\"383\" src=\"https:\/\/www.youtube.com\/embed\/Dg1QTtkgpOw?start=18&#038;feature=oembed\" frameborder=\"0\" allow=\"accelerometer; autoplay; clipboard-write; encrypted-media; gyroscope; picture-in-picture\" allowfullscreen><\/iframe><\/div>\n<\/div><\/figure>\n\n\n\n<p><strong>New School for New City \/\/ BRUSSELS, BUDAPEST, BOLOGNA<\/strong><\/p>\n\n\n\n<p>With Evelyne Huytebroeck, Ada \u00c1mon and Elena De Nictolis<\/p>\n<\/div>\n\n\n\n<div class=\"wp-block-column\">\n<figure class=\"wp-block-embed-youtube wp-block-embed is-type-video is-provider-youtube wp-embed-aspect-16-9 wp-has-aspect-ratio\"><div class=\"wp-block-embed__wrapper\">\n<div class=\"flex-video flex-video-youtube\"><iframe title=\"New School for New City \/\/ FREDERIKSHAVN, SAN FRANCISCO, VIENNA\" width=\"680\" height=\"383\" src=\"https:\/\/www.youtube.com\/embed\/S2aR9aMC8m8?feature=oembed\" frameborder=\"0\" allow=\"accelerometer; autoplay; clipboard-write; encrypted-media; gyroscope; picture-in-picture\" allowfullscreen><\/iframe><\/div>\n<\/div><\/figure>\n\n\n\n<p><strong>New School for New City \/\/ FREDERIKSHAVN, SAN FRANCISCO, VIENNA<\/strong><\/p>\n\n\n\n<p>With Bahram Dehghan,  Warren Karlenzig and Martin Margulies<\/p>\n<\/div>\n\n\n\n<div class=\"wp-block-column\">\n<figure class=\"wp-block-embed-youtube wp-block-embed is-type-video is-provider-youtube wp-embed-aspect-16-9 wp-has-aspect-ratio\"><div class=\"wp-block-embed__wrapper\">\n<div class=\"flex-video flex-video-youtube\"><iframe title=\"New School for New City \/\/ ZURICH\" width=\"680\" height=\"383\" src=\"https:\/\/www.youtube.com\/embed\/yn3Qsje_YZs?start=11&#038;feature=oembed\" frameborder=\"0\" allow=\"accelerometer; autoplay; clipboard-write; encrypted-media; gyroscope; picture-in-picture\" allowfullscreen><\/iframe><\/div>\n<\/div><\/figure>\n\n\n\n<p><strong>New School for New City \/\/ ZURICH<\/strong><\/p>\n\n\n\n<p>With Philip Klaus<\/p>\n<\/div>\n<\/div>\n\n\n\n<hr class=\"wp-block-separator\"\/>\n\n\n\n<h2>Zagreb: A City as a Place of Hope<\/h2>\n\n\n\n<p>The videos are part of the &#8220;Cities as Places of Hope&#8221; project that aims to bring together progressive and transformative trans-local city networks, to connect them and facilitate their exchanges, ultimately contributing to a positive narrative for the future of Europe.  <\/p>\n\n\n\n<p class=\"has-small-font-size\">These videos are published by the Green European Foundation and IPE, and with the financial support of the European Parliament to the Green European Foundation. The European Parliament is not responsible for the content of this video.<\/p>\n\n\n\n<div class=\"wp-block-columns\">\n<div class=\"wp-block-column\">\n<figure class=\"wp-block-embed-youtube wp-block-embed is-type-video is-provider-youtube wp-embed-aspect-16-9 wp-has-aspect-ratio\"><div class=\"wp-block-embed__wrapper\">\n<div class=\"flex-video flex-video-youtube\"><iframe title=\"Zagreb: A City as a Place of Hope \/ TRAILER\" width=\"680\" height=\"383\" src=\"https:\/\/www.youtube.com\/embed\/8TtTW2-4uNc?list=PLxPGVSLQ5cx7rA9RU6CI8E3MIPID-vR7z\" frameborder=\"0\" allow=\"accelerometer; autoplay; clipboard-write; encrypted-media; gyroscope; picture-in-picture\" allowfullscreen><\/iframe><\/div>\n<\/div><\/figure>\n\n\n\n<p><strong>Zagreb: A City as a Place of Hope \/ TRAILER<\/strong> <\/p>\n<\/div>\n\n\n\n<div class=\"wp-block-column\">\n<figure class=\"wp-block-embed-youtube wp-block-embed is-type-video is-provider-youtube wp-embed-aspect-16-9 wp-has-aspect-ratio\"><div class=\"wp-block-embed__wrapper\">\n<div class=\"flex-video flex-video-youtube\"><iframe title=\"Zagreb: A City as a Place of Hope \/ CYCLING CULTURE\" width=\"680\" height=\"383\" src=\"https:\/\/www.youtube.com\/embed\/XZw2pdytuZQ?list=PLxPGVSLQ5cx7rA9RU6CI8E3MIPID-vR7z\" frameborder=\"0\" allow=\"accelerometer; autoplay; clipboard-write; encrypted-media; gyroscope; picture-in-picture\" allowfullscreen><\/iframe><\/div>\n<\/div><\/figure>\n\n\n\n<p><strong>Zagreb: A City as a Place of Hope \/ CYCLING CULTURE<\/strong><\/p>\n\n\n\n<p>With Eugen Vukovi\u0107 and Svibor Jan\u010di\u0107<\/p>\n<\/div>\n\n\n\n<div class=\"wp-block-column\">\n<figure class=\"wp-block-embed-youtube wp-block-embed is-type-video is-provider-youtube wp-embed-aspect-16-9 wp-has-aspect-ratio\"><div class=\"wp-block-embed__wrapper\">\n<div class=\"flex-video flex-video-youtube\"><iframe title=\"Zagreb: A City as a Place of Hope \/ GOOD FOOD POLITICS\" width=\"680\" height=\"383\" src=\"https:\/\/www.youtube.com\/embed\/foXh1IrO7DY?list=PLxPGVSLQ5cx7rA9RU6CI8E3MIPID-vR7z\" frameborder=\"0\" allow=\"accelerometer; autoplay; clipboard-write; encrypted-media; gyroscope; picture-in-picture\" allowfullscreen><\/iframe><\/div>\n<\/div><\/figure>\n\n\n\n<p><strong>Zagreb: A City as a Place of Hope \/ GOOD FOOD POLITICS<\/strong><\/p>\n\n\n\n<p>With Dra\u017een \u0160imle\u0161a and Sendy Osmi\u010devi\u0107<\/p>\n<\/div>\n<\/div>\n\n\n\n<div class=\"wp-block-columns\">\n<div class=\"wp-block-column\">\n<figure class=\"wp-block-embed-youtube wp-block-embed is-type-video is-provider-youtube wp-embed-aspect-16-9 wp-has-aspect-ratio\"><div class=\"wp-block-embed__wrapper\">\n<div class=\"flex-video flex-video-youtube\"><iframe title=\"Zagreb: A City as a Place of Hope \/ FAIR HOUSING\" width=\"680\" height=\"383\" src=\"https:\/\/www.youtube.com\/embed\/TX5l3FPRHug?list=PLxPGVSLQ5cx7rA9RU6CI8E3MIPID-vR7z\" frameborder=\"0\" allow=\"accelerometer; autoplay; clipboard-write; encrypted-media; gyroscope; picture-in-picture\" allowfullscreen><\/iframe><\/div>\n<\/div><\/figure>\n\n\n\n<p><strong>Zagreb: A City as a Place of Hope \/ FAIR HOUSING<\/strong><\/p>\n\n\n\n<p>With Iva Mar\u010deti\u0107 and Antonija Komazli\u0107<\/p>\n<\/div>\n\n\n\n<div class=\"wp-block-column\">\n<figure class=\"wp-block-embed-youtube wp-block-embed is-type-video is-provider-youtube wp-embed-aspect-16-9 wp-has-aspect-ratio\"><div class=\"wp-block-embed__wrapper\">\n<div class=\"flex-video flex-video-youtube\"><iframe title=\"Zagreb: A City as a Place of Hope \/ DIGITALISATION\" width=\"680\" height=\"383\" src=\"https:\/\/www.youtube.com\/embed\/tZ6bdpAtvcs?list=PLxPGVSLQ5cx7rA9RU6CI8E3MIPID-vR7z\" frameborder=\"0\" allow=\"accelerometer; autoplay; clipboard-write; encrypted-media; gyroscope; picture-in-picture\" allowfullscreen><\/iframe><\/div>\n<\/div><\/figure>\n\n\n\n<p><strong>Zagreb: A City as a Place of Hope \/ DIGITALISATION<\/strong><\/p>\n\n\n\n<p>With Sarah Baron Brljevi\u0107 and Dra\u017een Lu\u010danin<\/p>\n<\/div>\n\n\n\n<div class=\"wp-block-column\">\n<figure class=\"wp-block-embed-youtube wp-block-embed is-type-video is-provider-youtube wp-embed-aspect-16-9 wp-has-aspect-ratio\"><div class=\"wp-block-embed__wrapper\">\n<div class=\"flex-video flex-video-youtube\"><iframe title=\"Zagreb: A City as a Place of Hope \/ ACTIVATING CITIZENS\" width=\"680\" height=\"383\" src=\"https:\/\/www.youtube.com\/embed\/uhOLNFwGBwM?list=PLxPGVSLQ5cx7rA9RU6CI8E3MIPID-vR7z\" frameborder=\"0\" allow=\"accelerometer; autoplay; clipboard-write; encrypted-media; gyroscope; picture-in-picture\" allowfullscreen><\/iframe><\/div>\n<\/div><\/figure>\n\n\n\n<p><strong>Zagreb: A City as a Place of Hope \/ ACTIVATING CITIZENS<\/strong><\/p>\n\n\n\n<p>With Emina Hermann and Nikola Zduni\u0107<\/p>\n<\/div>\n<\/div>\n","protected":false},"excerpt":{"rendered":"<p>Our highlighted videos. New School for New City &#8220;New School for New City&#8221; is a mini-series of lectures and conversations with (mostly) European cities that wants to dive deep into opportunities for socio-ecological transformation of city life. From 14-16 December 2021, it offered an opportunity to learn, share and discuss experiences and views of green- and left-governed cities in relation to mobility, energy, waste, housing etc, on both city and district level, in conversation with green politicians, councilors, experts and activists. New School for New City \/\/ BRUSSELS, BUDAPEST, BOLOGNA With Evelyne Huytebroeck, Ada \u00c1mon and Elena De Nictolis New <\/p>\n","protected":false},"author":2,"featured_media":0,"parent":0,"menu_order":0,"comment_status":"closed","ping_status":"closed","template":"","meta":{"inline_featured_image":false},"categories":[],"tags":[],"_links":{"self":[{"href":"http:\/\/ipe.hr\/en\/wp-json\/wp\/v2\/pages\/6310"}],"collection":[{"href":"http:\/\/ipe.hr\/en\/wp-json\/wp\/v2\/pages"}],"about":[{"href":"http:\/\/ipe.hr\/en\/wp-json\/wp\/v2\/types\/page"}],"author":[{"embeddable":true,"href":"http:\/\/ipe.hr\/en\/wp-json\/wp\/v2\/users\/2"}],"replies":[{"embeddable":true,"href":"http:\/\/ipe.hr\/en\/wp-json\/wp\/v2\/comments?post=6310"}],"version-history":[{"count":7,"href":"http:\/\/ipe.hr\/en\/wp-json\/wp\/v2\/pages\/6310\/revisions"}],"predecessor-version":[{"id":6319,"href":"http:\/\/ipe.hr\/en\/wp-json\/wp\/v2\/pages\/6310\/revisions\/6319"}],"wp:attachment":[{"href":"http:\/\/ipe.hr\/en\/wp-json\/wp\/v2\/media?parent=6310"}],"wp:term":[{"taxonomy":"category","embeddable":true,"href":"http:\/\/ipe.hr\/en\/wp-json\/wp\/v2\/categories?post=6310"},{"taxonomy":"post_tag","embeddable":true,"href":"http:\/\/ipe.hr\/en\/wp-json\/wp\/v2\/tags?post=6310"}],"curies":[{"name":"wp","href":"https:\/\/api.w.org\/{rel}","templated":true}]}}