{"id":6541,"date":"2022-11-10T11:32:10","date_gmt":"2022-11-10T10:32:10","guid":{"rendered":"http:\/\/ipe.hr\/?page_id=6541"},"modified":"2022-11-10T12:09:01","modified_gmt":"2022-11-10T11:09:01","slug":"donut-team","status":"publish","type":"page","link":"http:\/\/ipe.hr\/en\/projects\/super-donut\/donut-team\/","title":{"rendered":"Donut team"},"content":{"rendered":"\n<p>The project consists of a fluid research team led by Dr Mladen Domazet with contributions by Lilian Pungas, Oxana Lopatina, Clara Dallaire-Fortier, Tomislav Cik, Andro Rilovi\u0107, Giacomo D\u2019Alisa, Valentine Porche, Lana Pukani\u0107 and Vedran Horvat. ISRZ\u2019s Dr Branko An\u010di\u0107 and Zagreb University\u2019s Dr Marija Brajdi\u0107 Vukovi\u0107 are principal investigators in social sciences. Furman University researchers, Dr Brannon Andersen and Dr John Quinn, and interns Logan Richardson, Sophie Brennan, Jenny Ufer, Charlie Lott and Eric Holt contributed expertise, data collection and analysis in environmental sciences and sustainability.<br>Jo\u0161ko Gambero\u017ei\u0107 and Ivan Katanovi\u0107 lead the development of the automated visualisation tools and graphic presentation of output.<\/p>\n","protected":false},"excerpt":{"rendered":"<p>The project consists of a fluid research team led by Dr Mladen Domazet with contributions by Lilian Pungas, Oxana Lopatina, Clara Dallaire-Fortier, Tomislav Cik, Andro Rilovi\u0107, Giacomo D\u2019Alisa, Valentine Porche, Lana Pukani\u0107 and Vedran Horvat. ISRZ\u2019s Dr Branko An\u010di\u0107 and Zagreb University\u2019s Dr Marija Brajdi\u0107 Vukovi\u0107 are principal investigators in social sciences. Furman University researchers, Dr Brannon Andersen and Dr John Quinn, and interns Logan Richardson, Sophie Brennan, Jenny Ufer, Charlie Lott and Eric Holt contributed expertise, data collection and analysis in environmental sciences and sustainability.Jo\u0161ko Gambero\u017ei\u0107 and Ivan Katanovi\u0107 lead the development of the automated visualisation tools and graphic <\/p>\n","protected":false},"author":2,"featured_media":0,"parent":3124,"menu_order":0,"comment_status":"closed","ping_status":"closed","template":"","meta":{"inline_featured_image":false},"categories":[],"tags":[],"_links":{"self":[{"href":"http:\/\/ipe.hr\/en\/wp-json\/wp\/v2\/pages\/6541"}],"collection":[{"href":"http:\/\/ipe.hr\/en\/wp-json\/wp\/v2\/pages"}],"about":[{"href":"http:\/\/ipe.hr\/en\/wp-json\/wp\/v2\/types\/page"}],"author":[{"embeddable":true,"href":"http:\/\/ipe.hr\/en\/wp-json\/wp\/v2\/users\/2"}],"replies":[{"embeddable":true,"href":"http:\/\/ipe.hr\/en\/wp-json\/wp\/v2\/comments?post=6541"}],"version-history":[{"count":2,"href":"http:\/\/ipe.hr\/en\/wp-json\/wp\/v2\/pages\/6541\/revisions"}],"predecessor-version":[{"id":6548,"href":"http:\/\/ipe.hr\/en\/wp-json\/wp\/v2\/pages\/6541\/revisions\/6548"}],"up":[{"embeddable":true,"href":"http:\/\/ipe.hr\/en\/wp-json\/wp\/v2\/pages\/3124"}],"wp:attachment":[{"href":"http:\/\/ipe.hr\/en\/wp-json\/wp\/v2\/media?parent=6541"}],"wp:term":[{"taxonomy":"category","embeddable":true,"href":"http:\/\/ipe.hr\/en\/wp-json\/wp\/v2\/categories?post=6541"},{"taxonomy":"post_tag","embeddable":true,"href":"http:\/\/ipe.hr\/en\/wp-json\/wp\/v2\/tags?post=6541"}],"curies":[{"name":"wp","href":"https:\/\/api.w.org\/{rel}","templated":true}]}}