{"id":4877,"date":"2020-07-24T18:04:17","date_gmt":"2020-07-24T16:04:17","guid":{"rendered":"http:\/\/ipe.hr\/commons-in-south-east-europe-case-of-croatia-bosnia-herzegovina-and-macedonia\/"},"modified":"2020-07-27T12:46:11","modified_gmt":"2020-07-27T10:46:11","slug":"commons-in-south-east-europe-case-of-croatia-bosnia-herzegovina-and-macedonia","status":"publish","type":"page","link":"https:\/\/ipe.hr\/en\/publications\/commons-in-south-east-europe-case-of-croatia-bosnia-herzegovina-and-macedonia\/","title":{"rendered":"Commons in South East Europe: Case of Croatia, Bosnia &#038; Herzegovina and Macedonia"},"content":{"rendered":"\n<p>IPE&#8217;s publication \u201cCommons in South East Europe: Case of Croatia, Bosnia &amp; Herzegovina and Macedonia\u201d is pioneering work on commons in South East Europe authored by Tomislav Toma\u0161evi\u0107, Vedran Horvat, Alma Mid\u017ei\u0107, Ivana Drag\u0161i\u0107 and Miodrag Daki\u0107.<\/p>\n\n\n\n<p>The publication provides in-depth analysis of nine cases of commons governing and commons struggle in the region &#8211;&nbsp;Var\u0161avska Street + Cvjetni Square, Sr\u0111, Ohrid, Skopje, the river Sana, Banja Luka, Luke, Eko-Gajna and Rojc, in addition to an overview of the commons theory.<\/p>\n\n\n\n<p>The authors hope the study will be of use both to researchers of the commons and a new generation of activists in the region.<\/p>\n","protected":false},"excerpt":{"rendered":"<p>Pioneering work that gives an overview of commons theories and insight into commons struggles and commons governing in the region.<\/p>\n","protected":false},"author":2,"featured_media":4282,"parent":4883,"menu_order":0,"comment_status":"closed","ping_status":"closed","template":"","meta":{"inline_featured_image":false},"categories":[],"tags":[87],"_links":{"self":[{"href":"https:\/\/ipe.hr\/en\/wp-json\/wp\/v2\/pages\/4877"}],"collection":[{"href":"https:\/\/ipe.hr\/en\/wp-json\/wp\/v2\/pages"}],"about":[{"href":"https:\/\/ipe.hr\/en\/wp-json\/wp\/v2\/types\/page"}],"author":[{"embeddable":true,"href":"https:\/\/ipe.hr\/en\/wp-json\/wp\/v2\/users\/2"}],"replies":[{"embeddable":true,"href":"https:\/\/ipe.hr\/en\/wp-json\/wp\/v2\/comments?post=4877"}],"version-history":[{"count":3,"href":"https:\/\/ipe.hr\/en\/wp-json\/wp\/v2\/pages\/4877\/revisions"}],"predecessor-version":[{"id":4980,"href":"https:\/\/ipe.hr\/en\/wp-json\/wp\/v2\/pages\/4877\/revisions\/4980"}],"up":[{"embeddable":true,"href":"https:\/\/ipe.hr\/en\/wp-json\/wp\/v2\/pages\/4883"}],"wp:featuredmedia":[{"embeddable":true,"href":"https:\/\/ipe.hr\/en\/wp-json\/wp\/v2\/media\/4282"}],"wp:attachment":[{"href":"https:\/\/ipe.hr\/en\/wp-json\/wp\/v2\/media?parent=4877"}],"wp:term":[{"taxonomy":"category","embeddable":true,"href":"https:\/\/ipe.hr\/en\/wp-json\/wp\/v2\/categories?post=4877"},{"taxonomy":"post_tag","embeddable":true,"href":"https:\/\/ipe.hr\/en\/wp-json\/wp\/v2\/tags?post=4877"}],"curies":[{"name":"wp","href":"https:\/\/api.w.org\/{rel}","templated":true}]}}