{"id":7458,"date":"2025-03-17T15:18:49","date_gmt":"2025-03-17T14:18:49","guid":{"rendered":"http:\/\/ipe.hr\/?page_id=7458"},"modified":"2025-03-17T15:23:31","modified_gmt":"2025-03-17T14:23:31","slug":"post-growth-futures-new-voices-novel-visions","status":"publish","type":"page","link":"https:\/\/ipe.hr\/en\/publications\/post-growth-futures-new-voices-novel-visions\/","title":{"rendered":"Post-Growth Future(s): New Voices, Novel Visions"},"content":{"rendered":"\n<p>In this collection of 15 texts by young post-growth thinkers, we present papers, essays and articles organised in three sections: vision, policy and politics.<\/p>\n\n\n\n<p>We say it loud and clear: growth is past tense. We need to engage now, without delay, in reimagining prosperity and wellbeing beyond growth.<\/p>\n\n\n\n<p>With this publication we wish to present new voices and novel visions as the driving force of systemic change inspired by post-growth thinking. Opinions and views collected in the publication arrive from various corners of Europe and from different fields of action. That gives us hope that the seeds of post-growth thinking, while still fragile and young, are planted across diverse sectors through which they will be able to make a difference and necessary shifts.<\/p>\n\n\n\n<p>With contributions by Oxana Lopatina, Pierre Smith Khanna, Tade\u00e1\u0161 \u017d\u010f\u00e1rsk\u00fd, Predrag Mom\u010dilovi\u0107 &amp; Tatjana Avramovi\u0107, Simona Getova, Lilian Pungas, Aljo\u0161a Slamer\u0161ak, Fran\u00e7ois Denuit, Meadhbh Bolger, Clara Dallaire-Fortier &amp; Christie Nicoson, Halliki Kreinin &amp; Pia Mamut, Arpita Bisht, Winne van Woerden, Pablo Sanchez, and Jannis Niethammer, Lucia Di Paola, Matthew Bach &amp; Duncan Crowley.<\/p>\n\n\n\n<p>Read it <a href=\"http:\/\/ipe.hr\/wp-content\/uploads\/2025\/03\/POSTGROWTH-FUTURE-S_web.pdf\" target=\"_blank\" rel=\"noreferrer noopener\">here<\/a> now!<\/p>\n","protected":false},"excerpt":{"rendered":"<p>15 crucial texts on post-growth futures by young post-growth and degrowth thinkers.<\/p>\n","protected":false},"author":2,"featured_media":7460,"parent":4883,"menu_order":0,"comment_status":"closed","ping_status":"closed","template":"","meta":{"inline_featured_image":false},"categories":[],"tags":[85],"_links":{"self":[{"href":"https:\/\/ipe.hr\/en\/wp-json\/wp\/v2\/pages\/7458"}],"collection":[{"href":"https:\/\/ipe.hr\/en\/wp-json\/wp\/v2\/pages"}],"about":[{"href":"https:\/\/ipe.hr\/en\/wp-json\/wp\/v2\/types\/page"}],"author":[{"embeddable":true,"href":"https:\/\/ipe.hr\/en\/wp-json\/wp\/v2\/users\/2"}],"replies":[{"embeddable":true,"href":"https:\/\/ipe.hr\/en\/wp-json\/wp\/v2\/comments?post=7458"}],"version-history":[{"count":2,"href":"https:\/\/ipe.hr\/en\/wp-json\/wp\/v2\/pages\/7458\/revisions"}],"predecessor-version":[{"id":7462,"href":"https:\/\/ipe.hr\/en\/wp-json\/wp\/v2\/pages\/7458\/revisions\/7462"}],"up":[{"embeddable":true,"href":"https:\/\/ipe.hr\/en\/wp-json\/wp\/v2\/pages\/4883"}],"wp:featuredmedia":[{"embeddable":true,"href":"https:\/\/ipe.hr\/en\/wp-json\/wp\/v2\/media\/7460"}],"wp:attachment":[{"href":"https:\/\/ipe.hr\/en\/wp-json\/wp\/v2\/media?parent=7458"}],"wp:term":[{"taxonomy":"category","embeddable":true,"href":"https:\/\/ipe.hr\/en\/wp-json\/wp\/v2\/categories?post=7458"},{"taxonomy":"post_tag","embeddable":true,"href":"https:\/\/ipe.hr\/en\/wp-json\/wp\/v2\/tags?post=7458"}],"curies":[{"name":"wp","href":"https:\/\/api.w.org\/{rel}","templated":true}]}}